{"id":2,"date":"2025-03-12T22:06:36","date_gmt":"2025-03-12T22:06:36","guid":{"rendered":"http:\/\/gator4454\/cgi\/addon_GT.cgi?s=GT::WP::Install::Cpanel+%28ckisgkte%29+-+127.0.0.1+%5Bnocaller%5D\/?page_id=2"},"modified":"2025-05-02T22:11:22","modified_gmt":"2025-05-02T22:11:22","slug":"suscribete","status":"publish","type":"page","link":"https:\/\/robertoalvarez.ca\/es\/suscribete\/","title":{"rendered":"Suscr\u00edbete"},"content":{"rendered":"\n<p class=\"\"><\/p>\n\n\n\n<div class=\"nfd-container nfd-p-lg nfd-theme-light nfd-bg-surface nfd-wb-forms__form-5 is-style-nfd-theme-primary wp-block-group is-layout-constrained wp-block-group-is-layout-constrained\">\n<div class=\"nfd-rounded-lg nfd-overflow-hidden wp-block-columns is-layout-flex wp-container-core-columns-is-layout-28232c24 wp-block-columns-is-layout-flex\">\n<div class=\"wp-block-column is-vertically-aligned-stretch is-layout-flow wp-block-column-is-layout-flow\">\n<div class=\"wp-block-group is-vertical is-content-justification-stretch is-layout-flex wp-container-core-group-is-layout-401b7a8a wp-block-group-is-layout-flex\" style=\"min-height:100%\">\n<div class=\"wp-block-cover has-normal-font-size wp-container-content-9cfa9a5a\"><img data-recalc-dims=\"1\" decoding=\"async\" width=\"1024\" height=\"768\" loading=\"lazy\" class=\"wp-block-cover__image-background wp-image-291 size-large\" alt=\"\" src=\"https:\/\/i0.wp.com\/robertoalvarez.ca\/es\/wp-content\/uploads\/2025\/05\/Email-list2.jpg?resize=1024%2C768&#038;ssl=1\" data-object-fit=\"cover\" srcset=\"https:\/\/i0.wp.com\/robertoalvarez.ca\/es\/wp-content\/uploads\/2025\/05\/Email-list2.jpg?resize=1024%2C768&amp;ssl=1 1024w, https:\/\/i0.wp.com\/robertoalvarez.ca\/es\/wp-content\/uploads\/2025\/05\/Email-list2.jpg?resize=300%2C225&amp;ssl=1 300w, https:\/\/i0.wp.com\/robertoalvarez.ca\/es\/wp-content\/uploads\/2025\/05\/Email-list2.jpg?resize=768%2C576&amp;ssl=1 768w, https:\/\/i0.wp.com\/robertoalvarez.ca\/es\/wp-content\/uploads\/2025\/05\/Email-list2.jpg?w=1200&amp;ssl=1 1200w\" sizes=\"auto, (max-width: 1000px) 100vw, 1000px\" \/><span aria-hidden=\"true\" class=\"wp-block-cover__background has-background-dim-0 has-background-dim\" style=\"background-color:#b8a084\"><\/span><div class=\"wp-block-cover__inner-container is-layout-constrained wp-block-cover-is-layout-constrained\">\n<p class=\"has-text-align-center has-large-font-size\"><\/p>\n<\/div><\/div>\n<\/div>\n<\/div>\n\n\n\n<div class=\"wp-block-column is-vertically-aligned-stretch is-layout-flow wp-block-column-is-layout-flow\">\n<div class=\"nfd-gap-md nfd-p-card-square-lg is-style-nfd-theme-white wp-block-group is-vertical is-content-justification-stretch is-layout-flex wp-container-core-group-is-layout-5621715d wp-block-group-is-layout-flex\" style=\"min-height:100%\">\n<h2 class=\"nfd-text-xl nfd-text-contrast nfd-text-balance wp-block-heading has-text-align-left\">\u00danete a nuestra lista de contactos.<\/h2>\n\n\n\n<p class=\"nfd-text-faded nfd-text-base nfd-text-balance has-text-align-left\">Suscr\u00edbete a nuestra lista de email para recibir boletines y anuncios.<\/p>\n\n\n\n<div style=\"height:0px\" aria-hidden=\"true\" class=\"wp-block-spacer wp-container-content-7d115344\"><\/div>\n\n\n<div class=\"wp-block-jetpack-contact-form is-layout-flex wp-container-jetpack-contact-form-is-layout-2b4208ba wp-block-jetpack-contact-form-is-layout-flex\"><a href=\"https:\/\/robertoalvarez.ca\/es\/suscribete\/\" target=\"_blank\" rel=\"noopener noreferrer\">Submit a form.<\/a><\/div>\n\n\n<p class=\"nfd-text-faded nfd-text-xs nfd-text-balance has-text-align-left\">Al enviar tu informaci\u00f3n, nos est\u00e1s dando permiso para enviarte correos electr\u00f3nicos. Puedes darte de baja tu suscripcion en cualquier momento<\/p>\n<\/div>\n<\/div>\n<\/div>\n<\/div>\n","protected":false},"excerpt":{"rendered":"<p>\u00danete a nuestra lista de contactos. Suscr\u00edbete a nuestra lista de email para recibir boletines y anuncios. Al enviar tu informaci\u00f3n, nos est\u00e1s dando permiso para enviarte correos electr\u00f3nicos. Puedes darte de baja tu suscripcion en cualquier momento<\/p>\n","protected":false},"author":1,"featured_media":0,"parent":0,"menu_order":0,"comment_status":"closed","ping_status":"open","template":"","meta":{"nf_dc_page":"","om_disable_all_campaigns":false,"_monsterinsights_skip_tracking":false,"_monsterinsights_sitenote_active":false,"_monsterinsights_sitenote_note":"","_monsterinsights_sitenote_category":0,"footnotes":""},"class_list":["post-2","page","type-page","status-publish","hentry"],"yoast_head":"<!-- This site is optimized with the Yoast SEO plugin v27.3 - https:\/\/yoast.com\/product\/yoast-seo-wordpress\/ -->\n<title>Suscr\u00edbete - Roberto Alvarez<\/title>\n<meta name=\"robots\" content=\"index, follow, max-snippet:-1, max-image-preview:large, max-video-preview:-1\" \/>\n<link rel=\"canonical\" href=\"https:\/\/robertoalvarez.ca\/es\/suscribete\/\" \/>\n<meta property=\"og:locale\" content=\"en_US\" \/>\n<meta property=\"og:type\" content=\"article\" \/>\n<meta property=\"og:title\" content=\"Suscr\u00edbete - Roberto Alvarez\" \/>\n<meta property=\"og:description\" content=\"\u00danete a nuestra lista de contactos. Suscr\u00edbete a nuestra lista de email para recibir boletines y anuncios. Al enviar tu informaci\u00f3n, nos est\u00e1s dando permiso para enviarte correos electr\u00f3nicos. Puedes darte de baja tu suscripcion en cualquier momento\" \/>\n<meta property=\"og:url\" content=\"https:\/\/robertoalvarez.ca\/es\/suscribete\/\" \/>\n<meta property=\"og:site_name\" content=\"Roberto Alvarez\" \/>\n<meta property=\"article:modified_time\" content=\"2025-05-02T22:11:22+00:00\" \/>\n<meta property=\"og:image\" content=\"https:\/\/robertoalvarez.ca\/es\/wp-content\/uploads\/2025\/05\/Email-list2-1024x768.jpg\" \/>\n<meta name=\"twitter:card\" content=\"summary_large_image\" \/>\n<meta name=\"twitter:label1\" content=\"Est. reading time\" \/>\n\t<meta name=\"twitter:data1\" content=\"1 minute\" \/>\n<script type=\"application\/ld+json\" class=\"yoast-schema-graph\">{\"@context\":\"https:\\\/\\\/schema.org\",\"@graph\":[{\"@type\":\"WebPage\",\"@id\":\"https:\\\/\\\/robertoalvarez.ca\\\/es\\\/suscribete\\\/\",\"url\":\"https:\\\/\\\/robertoalvarez.ca\\\/es\\\/suscribete\\\/\",\"name\":\"Suscr\u00edbete - Roberto Alvarez\",\"isPartOf\":{\"@id\":\"https:\\\/\\\/robertoalvarez.ca\\\/es\\\/#website\"},\"primaryImageOfPage\":{\"@id\":\"https:\\\/\\\/robertoalvarez.ca\\\/es\\\/suscribete\\\/#primaryimage\"},\"image\":{\"@id\":\"https:\\\/\\\/robertoalvarez.ca\\\/es\\\/suscribete\\\/#primaryimage\"},\"thumbnailUrl\":\"https:\\\/\\\/robertoalvarez.ca\\\/es\\\/wp-content\\\/uploads\\\/2025\\\/05\\\/Email-list2-1024x768.jpg\",\"datePublished\":\"2025-03-12T22:06:36+00:00\",\"dateModified\":\"2025-05-02T22:11:22+00:00\",\"breadcrumb\":{\"@id\":\"https:\\\/\\\/robertoalvarez.ca\\\/es\\\/suscribete\\\/#breadcrumb\"},\"inLanguage\":\"en-US\",\"potentialAction\":[{\"@type\":\"ReadAction\",\"target\":[\"https:\\\/\\\/robertoalvarez.ca\\\/es\\\/suscribete\\\/\"]}]},{\"@type\":\"ImageObject\",\"inLanguage\":\"en-US\",\"@id\":\"https:\\\/\\\/robertoalvarez.ca\\\/es\\\/suscribete\\\/#primaryimage\",\"url\":\"https:\\\/\\\/i0.wp.com\\\/robertoalvarez.ca\\\/es\\\/wp-content\\\/uploads\\\/2025\\\/05\\\/Email-list2.jpg?fit=1200%2C900&ssl=1\",\"contentUrl\":\"https:\\\/\\\/i0.wp.com\\\/robertoalvarez.ca\\\/es\\\/wp-content\\\/uploads\\\/2025\\\/05\\\/Email-list2.jpg?fit=1200%2C900&ssl=1\",\"width\":1200,\"height\":900},{\"@type\":\"BreadcrumbList\",\"@id\":\"https:\\\/\\\/robertoalvarez.ca\\\/es\\\/suscribete\\\/#breadcrumb\",\"itemListElement\":[{\"@type\":\"ListItem\",\"position\":1,\"name\":\"Home\",\"item\":\"https:\\\/\\\/robertoalvarez.ca\\\/es\\\/\"},{\"@type\":\"ListItem\",\"position\":2,\"name\":\"Suscr\u00edbete\"}]},{\"@type\":\"WebSite\",\"@id\":\"https:\\\/\\\/robertoalvarez.ca\\\/es\\\/#website\",\"url\":\"https:\\\/\\\/robertoalvarez.ca\\\/es\\\/\",\"name\":\"Roberto Alvarez\",\"description\":\"Desarrollo de Emprendimientos - Entrenamiento Corporativo\",\"potentialAction\":[{\"@type\":\"SearchAction\",\"target\":{\"@type\":\"EntryPoint\",\"urlTemplate\":\"https:\\\/\\\/robertoalvarez.ca\\\/es\\\/?s={search_term_string}\"},\"query-input\":{\"@type\":\"PropertyValueSpecification\",\"valueRequired\":true,\"valueName\":\"search_term_string\"}}],\"inLanguage\":\"en-US\"}]}<\/script>\n<!-- \/ Yoast SEO plugin. -->","yoast_head_json":{"title":"Suscr\u00edbete - Roberto Alvarez","robots":{"index":"index","follow":"follow","max-snippet":"max-snippet:-1","max-image-preview":"max-image-preview:large","max-video-preview":"max-video-preview:-1"},"canonical":"https:\/\/robertoalvarez.ca\/es\/suscribete\/","og_locale":"en_US","og_type":"article","og_title":"Suscr\u00edbete - Roberto Alvarez","og_description":"\u00danete a nuestra lista de contactos. Suscr\u00edbete a nuestra lista de email para recibir boletines y anuncios. Al enviar tu informaci\u00f3n, nos est\u00e1s dando permiso para enviarte correos electr\u00f3nicos. Puedes darte de baja tu suscripcion en cualquier momento","og_url":"https:\/\/robertoalvarez.ca\/es\/suscribete\/","og_site_name":"Roberto Alvarez","article_modified_time":"2025-05-02T22:11:22+00:00","og_image":[{"url":"https:\/\/robertoalvarez.ca\/es\/wp-content\/uploads\/2025\/05\/Email-list2-1024x768.jpg","type":"","width":"","height":""}],"twitter_card":"summary_large_image","twitter_misc":{"Est. reading time":"1 minute"},"schema":{"@context":"https:\/\/schema.org","@graph":[{"@type":"WebPage","@id":"https:\/\/robertoalvarez.ca\/es\/suscribete\/","url":"https:\/\/robertoalvarez.ca\/es\/suscribete\/","name":"Suscr\u00edbete - Roberto Alvarez","isPartOf":{"@id":"https:\/\/robertoalvarez.ca\/es\/#website"},"primaryImageOfPage":{"@id":"https:\/\/robertoalvarez.ca\/es\/suscribete\/#primaryimage"},"image":{"@id":"https:\/\/robertoalvarez.ca\/es\/suscribete\/#primaryimage"},"thumbnailUrl":"https:\/\/robertoalvarez.ca\/es\/wp-content\/uploads\/2025\/05\/Email-list2-1024x768.jpg","datePublished":"2025-03-12T22:06:36+00:00","dateModified":"2025-05-02T22:11:22+00:00","breadcrumb":{"@id":"https:\/\/robertoalvarez.ca\/es\/suscribete\/#breadcrumb"},"inLanguage":"en-US","potentialAction":[{"@type":"ReadAction","target":["https:\/\/robertoalvarez.ca\/es\/suscribete\/"]}]},{"@type":"ImageObject","inLanguage":"en-US","@id":"https:\/\/robertoalvarez.ca\/es\/suscribete\/#primaryimage","url":"https:\/\/i0.wp.com\/robertoalvarez.ca\/es\/wp-content\/uploads\/2025\/05\/Email-list2.jpg?fit=1200%2C900&ssl=1","contentUrl":"https:\/\/i0.wp.com\/robertoalvarez.ca\/es\/wp-content\/uploads\/2025\/05\/Email-list2.jpg?fit=1200%2C900&ssl=1","width":1200,"height":900},{"@type":"BreadcrumbList","@id":"https:\/\/robertoalvarez.ca\/es\/suscribete\/#breadcrumb","itemListElement":[{"@type":"ListItem","position":1,"name":"Home","item":"https:\/\/robertoalvarez.ca\/es\/"},{"@type":"ListItem","position":2,"name":"Suscr\u00edbete"}]},{"@type":"WebSite","@id":"https:\/\/robertoalvarez.ca\/es\/#website","url":"https:\/\/robertoalvarez.ca\/es\/","name":"Roberto Alvarez","description":"Desarrollo de Emprendimientos - Entrenamiento Corporativo","potentialAction":[{"@type":"SearchAction","target":{"@type":"EntryPoint","urlTemplate":"https:\/\/robertoalvarez.ca\/es\/?s={search_term_string}"},"query-input":{"@type":"PropertyValueSpecification","valueRequired":true,"valueName":"search_term_string"}}],"inLanguage":"en-US"}]}},"jetpack_sharing_enabled":true,"_links":{"self":[{"href":"https:\/\/robertoalvarez.ca\/es\/wp-json\/wp\/v2\/pages\/2","targetHints":{"allow":["GET"]}}],"collection":[{"href":"https:\/\/robertoalvarez.ca\/es\/wp-json\/wp\/v2\/pages"}],"about":[{"href":"https:\/\/robertoalvarez.ca\/es\/wp-json\/wp\/v2\/types\/page"}],"author":[{"embeddable":true,"href":"https:\/\/robertoalvarez.ca\/es\/wp-json\/wp\/v2\/users\/1"}],"replies":[{"embeddable":true,"href":"https:\/\/robertoalvarez.ca\/es\/wp-json\/wp\/v2\/comments?post=2"}],"version-history":[{"count":4,"href":"https:\/\/robertoalvarez.ca\/es\/wp-json\/wp\/v2\/pages\/2\/revisions"}],"predecessor-version":[{"id":292,"href":"https:\/\/robertoalvarez.ca\/es\/wp-json\/wp\/v2\/pages\/2\/revisions\/292"}],"wp:attachment":[{"href":"https:\/\/robertoalvarez.ca\/es\/wp-json\/wp\/v2\/media?parent=2"}],"curies":[{"name":"wp","href":"https:\/\/api.w.org\/{rel}","templated":true}]}}