{"id":63,"date":"2025-03-21T01:15:56","date_gmt":"2025-03-21T01:15:56","guid":{"rendered":"https:\/\/robertoalvarez.ca\/es\/?page_id=63"},"modified":"2025-04-09T20:56:51","modified_gmt":"2025-04-09T20:56:51","slug":"creacion-y-desarrollo-de-emprendimientos-condiciones-de-incertidumbre","status":"publish","type":"page","link":"https:\/\/robertoalvarez.ca\/es\/creacion-y-desarrollo-de-emprendimientos-condiciones-de-incertidumbre\/","title":{"rendered":"Creacion y Desarrollo de Emprendimientos Condiciones de Incertidumbre"},"content":{"rendered":"\n<p class=\"\"><\/p>\n\n\n\n<div class=\"nfd-container nfd-wb-text__text-13 wp-block-group alignfull is-layout-constrained wp-container-core-group-is-layout-346627ba wp-block-group-is-layout-constrained\">\n<div class=\"nfd-container nfd-text-md wp-block-group alignfull is-layout-constrained wp-container-core-group-is-layout-346627ba wp-block-group-is-layout-constrained\">\n<div class=\"nfd-max-w-prose wp-block-group is-vertical is-content-justification-left is-layout-flex wp-container-core-group-is-layout-dd225191 wp-block-group-is-layout-flex\">\n<figure class=\"wp-block-image size-full\"><img data-recalc-dims=\"1\" decoding=\"async\" width=\"900\" height=\"426\" loading=\"lazy\" src=\"https:\/\/i0.wp.com\/robertoalvarez.ca\/es\/wp-content\/uploads\/2025\/03\/Entrepreneurship-Course-4.jpeg?resize=900%2C426&#038;ssl=1\" alt=\"\" class=\"wp-image-70\" srcset=\"https:\/\/i0.wp.com\/robertoalvarez.ca\/es\/wp-content\/uploads\/2025\/03\/Entrepreneurship-Course-4.jpeg?w=900&amp;ssl=1 900w, https:\/\/i0.wp.com\/robertoalvarez.ca\/es\/wp-content\/uploads\/2025\/03\/Entrepreneurship-Course-4.jpeg?resize=300%2C142&amp;ssl=1 300w, https:\/\/i0.wp.com\/robertoalvarez.ca\/es\/wp-content\/uploads\/2025\/03\/Entrepreneurship-Course-4.jpeg?resize=768%2C364&amp;ssl=1 768w\" sizes=\"auto, (max-width: 900px) 100vw, 900px\" \/><\/figure>\n\n\n\n<h2 class=\"nfd-text-xl nfd-text-balance wp-block-heading\">Presentaci\u00f3n del Curso<\/h2>\n\n\n\n<p class=\"\">El curso est\u00e1 dise\u00f1ado para dotar a los participantes de los conceptos esenciales y herramientas pr\u00e1cticas para identificar, desarrollar e implementar oportunidades de negocios en contextos de incertidumbre o entorno impredecible de mercado. El curso enfatiza un enfoque de aprendizaje, que combina m\u00f3dulos virtuales con talleres interactivos en sesiones en vivo, para fomentar una experiencia de aprendizaje din\u00e1mica y colaborativa.<\/p>\n\n\n\n<h2 class=\"wp-block-heading has-primary-color has-text-color has-link-color wp-elements-adccd28c70cd20022e7a9e7d3d387048\" style=\"font-style:normal;font-weight:600\">Resultados Esperados<\/h2>\n\n\n\n<p class=\"\">A la finalizaci\u00f3n del curso los participantes ser\u00e1n capaces de aplicar conceptos y t\u00e9cnicas espec\u00edficas para:<br>\u2022 Identificar, validar una oportunidad de emprendimiento y definir un modelo de negocios viable<br>\u2022 Interpretar las condiciones del entorno para la introducci\u00f3n y gesti\u00f3n del emprendimiento en condiciones de incertidumbre<br>\u2022 Gestionar eficientemente los recursos claves del emprendimiento tales como la propuesta de valor, equipo de trabajo, entorno y competencias<\/p>\n\n\n\n<h2 class=\"wp-block-heading\"><strong>Contenido del curso<\/strong><\/h2>\n\n\n\n<p class=\"\">El contenido del curso esta dividido en ocho m\u00f3dulos:<\/p>\n\n\n\n<h3 class=\"wp-block-heading has-tertiary-color has-text-color has-link-color wp-elements-7043fa5a3bb578797fcfe322115acd82\">Modulo 1: El Emprendedor, el Emprendimiento y su Entorno<\/h3>\n\n\n\n<ul class=\"wp-block-list\">\n<li class=\"\">El emprendimiento como sistema: Entradas, procesos, salidas y retroalimentaci\u00f3n<\/li>\n\n\n\n<li class=\"\">Dos caracter\u00edsticas esenciales para definir un emprendedor<\/li>\n\n\n\n<li class=\"\">El \u00e1mbito de acci\u00f3n del emprendedor: mercado local\/internacional; dentro\/fuera de la organizaci\u00f3n<\/li>\n\n\n\n<li class=\"\">El car\u00e1cter impredecible del entorno de los emprendimientos<\/li>\n<\/ul>\n\n\n\n<h3 class=\"wp-block-heading has-tertiary-color has-text-color has-link-color wp-elements-788450b0c0c4c01cd94c5aeac0a1585a\">Modulo 2: El Proceso para Desarrollar un Emprendimiento<\/h3>\n\n\n\n<ul class=\"wp-block-list\">\n<li class=\"\">Ciclo de vida de un emprendimiento (Idea, Validaci\u00f3n, Lanzamiento y Crecimiento)<\/li>\n\n\n\n<li class=\"\">Objetivos y asignaci\u00f3n de recursos seg\u00fan el ciclo de vida<\/li>\n\n\n\n<li class=\"\">Tres pasos en el emprendimiento: Idea, validaci\u00f3n, modelo de negocios<\/li>\n<\/ul>\n\n\n\n<h3 class=\"wp-block-heading has-tertiary-color has-text-color has-link-color wp-elements-d2d2926cc13c34ea5ab711a306caa3b2\">Modulo 3: Idea de Negocio Versus Oportunidad de Negocio<\/h3>\n\n\n\n<ul class=\"wp-block-list\">\n<li class=\"\">La soluci\u00f3n de problemas como condici\u00f3n b\u00e1sica de un emprendimiento<\/li>\n\n\n\n<li class=\"\">Como identificar ideas para un emprendimiento<\/li>\n\n\n\n<li class=\"\">La idea de negocio como valor de uso<\/li>\n\n\n\n<li class=\"\">La oportunidad de negocio como valor econ\u00f3mico<\/li>\n<\/ul>\n\n\n\n<h3 class=\"wp-block-heading has-tertiary-color has-text-color has-link-color wp-elements-cd23d4b695ad2c9617c9a839a8801107\">Modulo 4: Validaci\u00f3n de Ideas en el Mercado<\/h3>\n\n\n\n<ul class=\"wp-block-list\">\n<li class=\"\">\u00bfCu\u00e1l es el prop\u00f3sito de la validaci\u00f3n de mercado?<\/li>\n\n\n\n<li class=\"\">\u00bfCu\u00e1l es el perfil del potencial cliente o usuario?<\/li>\n\n\n\n<li class=\"\">\u00bfCu\u00e1l es el tama\u00f1o y potencial de mercado?<\/li>\n\n\n\n<li class=\"\">\u00bfCu\u00e1les con las caracter\u00edsticas del entorno competitivo?<\/li>\n<\/ul>\n\n\n\n<h3 class=\"wp-block-heading has-tertiary-color has-text-color has-link-color wp-elements-21cdc0c8ac253230456e01a77918f7f6\">Modulo 5: Validaci\u00f3n Financiera del Emprendimiento<\/h3>\n\n\n\n<ul class=\"wp-block-list\">\n<li class=\"\">\u00bfCu\u00e1l es el prop\u00f3sito de la validaci\u00f3n financiera?<\/li>\n\n\n\n<li class=\"\">\u00bfCu\u00e1ndo y como calcular ingresos, costos y ganancias?<\/li>\n\n\n\n<li class=\"\">\u00bfCu\u00e1ndo y c\u00f3mo calcular las inversiones para el emprendimiento?<\/li>\n\n\n\n<li class=\"\">Ciclo del emprendimiento y financiamiento, acceso y riesgo<\/li>\n<\/ul>\n\n\n\n<h3 class=\"wp-block-heading has-tertiary-color has-text-color has-link-color wp-elements-5f861d378226c7c676be0534453f0503\">Modulo 6: Modelo de Negocios y Plan de Negocios<\/h3>\n\n\n\n<ul class=\"wp-block-list\">\n<li class=\"\">\u00bfQu\u00e9 es el plan de negocios?<\/li>\n\n\n\n<li class=\"\">\u00bfCu\u00e1l es el prop\u00f3sito y usos de un plan de negocios?<\/li>\n\n\n\n<li class=\"\">\u00bfQu\u00e9 es un modelo de negocios?<\/li>\n\n\n\n<li class=\"\">\u00bfCu\u00e1l es prop\u00f3sito y usos de un modelo de negocios?<\/li>\n\n\n\n<li class=\"\">Aplicaci\u00f3n del <em>Lean Canvas Model<\/em> para un emprendimiento<\/li>\n<\/ul>\n\n\n\n<h3 class=\"wp-block-heading has-tertiary-color has-text-color has-link-color wp-elements-6cbfcb01fb4eb2e356a4d84ab96d26c2\">Modulo 7: Dos M\u00e9todos para implementar un emprendimiento<\/h3>\n\n\n\n<ul class=\"wp-block-list\">\n<li class=\"\">La analogia de la pieza de artilleria y el avion de combate<\/li>\n\n\n\n<li class=\"\">El m\u00e9todo tradicional <em>(Fat Startup)<\/em>: Idea, plan, implementaci\u00f3n<\/li>\n\n\n\n<li class=\"\">El m\u00e9todo basado en aprendizaje <em>(Lean Startup)<\/em>: Idea, medici\u00f3n, aprendizaje<\/li>\n<\/ul>\n\n\n\n<h3 class=\"wp-block-heading has-tertiary-color has-text-color has-link-color wp-elements-735cb4ecf684544fb601b09437b23b7e\">Modulo 8: Como Gestionar un Emprendimiento<\/h3>\n\n\n\n<ul class=\"wp-block-list\">\n<li class=\"\">La analog\u00eda del palo de hockey: Idea, introducci\u00f3n, crecimiento<\/li>\n\n\n\n<li class=\"\">La brecha de mercado y la analog\u00eda de los dos tiempos de juego<\/li>\n\n\n\n<li class=\"\">El principio de concentraci\u00f3n: Punto de ataque, concentraci\u00f3n y econom\u00eda de esfuerzos<\/li>\n\n\n\n<li class=\"\">Cuatro claves en la gesti\u00f3n de emprendimientos: Propuesta de valor, rendimiento del equipo de trabajo, estrategias para el entorno, desarrollo de competencias<\/li>\n<\/ul>\n<\/div>\n\n\n\n<div class=\"nfd-max-w-prose wp-block-group is-vertical is-content-justification-left is-layout-flex wp-container-core-group-is-layout-dd225191 wp-block-group-is-layout-flex\">\n<h3 class=\"nfd-text-lg nfd-text-balance nfd-text-current wp-block-heading\" style=\"font-style:normal;font-weight:600\"><a href=\"#\"><strong>Metodolog\u00eda del curso<\/strong><\/a><\/h3>\n\n\n\n<p class=\"\">El curso emplear\u00e1 un enfoque de aprendizaje combinado:<\/p>\n\n\n\n<ul class=\"wp-block-list\">\n<li class=\"\">10 sesiones asincr\u00f3nicas (20 horas) para trabajos aplicados y evaluaci\u00f3n del curso para participantes que opten por el certificado de aprobaci\u00f3n.<\/li>\n\n\n\n<li class=\"\">16 sesiones virtuales asincr\u00f3nicas (32 horas) con acceso a los materiales del curso, que incluye videos, lecturas cortas, presentaciones y ejercicios interactivos.<\/li>\n\n\n\n<li class=\"\">Cuatro sesiones sincr\u00f3nicas en vivo (8 horas) para discusi\u00f3n del contenido, clarificaci\u00f3n de conceptos, an\u00e1lisis de casos, preguntas y respuestas.<\/li>\n<\/ul>\n<\/div>\n\n\n\n<div class=\"nfd-max-w-prose wp-block-group is-vertical is-content-justification-left is-layout-flex wp-container-core-group-is-layout-dd225191 wp-block-group-is-layout-flex\">\n<h3 class=\"nfd-text-lg nfd-text-balance nfd-text-current wp-block-heading\" style=\"font-style:normal;font-weight:600\"><a href=\"#\">Material de Trabajo<\/a><\/h3>\n\n\n\n<p class=\"\">El curso incluye acceso al material especialmente dise\u00f1ado para el curso. Cada m\u00f3dulo de trabajo incluye:<\/p>\n\n\n\n<ul class=\"wp-block-list\">\n<li class=\"\">Lecturas adicionales y ejercicios para la aplicaci\u00f3n de emprendimientos<\/li>\n\n\n\n<li class=\"\">Material audio visual (lecturas y videos) acerca del contenido del curso<\/li>\n\n\n\n<li class=\"\">Casos de estudio para discusi\u00f3n y an\u00e1lisis<\/li>\n<\/ul>\n<\/div>\n\n\n\n<div class=\"nfd-max-w-prose wp-block-group is-vertical is-content-justification-left is-layout-flex wp-container-core-group-is-layout-dd225191 wp-block-group-is-layout-flex\">\n<h3 class=\"nfd-text-lg nfd-text-balance nfd-text-current wp-block-heading\" style=\"font-style:normal;font-weight:600\"><a href=\"#\"><strong>Modalidades de Participaci\u00f3n y Costo<\/strong><\/a><\/h3>\n\n\n\n<p class=\"\">Los participantes pueden optar a las siguientes modalidades, con costos diferenciados:<\/p>\n\n\n\n<ul class=\"wp-block-list\">\n<li class=\"\">Certificado de aprobaci\u00f3n (60 horas horas de trabajo, Costo Bs 600.-)<\/li>\n\n\n\n<li class=\"\">Certificado de asistencia (40 horas de trabajo, Costo Bs 400.-)<\/li>\n<\/ul>\n<\/div>\n\n\n\n<div class=\"nfd-max-w-prose wp-block-group is-vertical is-content-justification-left is-layout-flex wp-container-core-group-is-layout-dd225191 wp-block-group-is-layout-flex\">\n<h3 class=\"nfd-text-lg nfd-text-balance nfd-text-current wp-block-heading\" style=\"font-style:normal;font-weight:600\"><a href=\"#\">Instructor del curso<\/a><\/h3>\n\n\n\n<h4 class=\"wp-block-heading has-tertiary-color has-text-color has-link-color wp-elements-dc6cfe172c53a730b4c824176221fc52\">Roberto Alvarez<\/h4>\n\n\n\n<p class=\"\">El curso incluye acceso al material especialmente dise\u00f1ado para el curso. Cada m\u00f3dulo de trabajo incluye:<\/p>\n\n\n\n<ul class=\"wp-block-list\">\n<li class=\"\">Ph.D. en Educaci\u00f3n (TUI \u2013 USA), Master en Educaci\u00f3n Superior (UMSS \u2013 Cochabamba), Master en Comercio Internacional (NUR \u2013 Santa Cruz), Licenciado en Administraci\u00f3n de Empresas (UMSS \u2013 Cochabamba)<\/li>\n\n\n\n<li class=\"\">Profesor Asociado <em>Northern College at Pures <\/em>(Toronto Canad\u00e1), \u00c1rea Emprendimientos y Administraci\u00f3n de Proyectos, Programa Internacional de Negocios<\/li>\n\n\n\n<li class=\"\">Mentor en Desarrollo de Emprendimientos <em>Futurpreneur<\/em> (Toronto Canad\u00e1)<\/li>\n\n\n\n<li class=\"\">Ex Interno Departamento de Educaci\u00f3n de Nueva York (Queens) USA<\/li>\n\n\n\n<li class=\"\">Ex Docente Titular UMSS, Docente de Planta UCB (Cochabamba)<\/li>\n<\/ul>\n<\/div>\n\n\n\n<div class=\"nfd-max-w-prose wp-block-group is-vertical is-content-justification-center is-layout-flex wp-container-core-group-is-layout-ce155fab wp-block-group-is-layout-flex\">\n<hr class=\"is-style-dots wp-block-separator has-alpha-channel-opacity\" style=\"margin-top:var(--wp--preset--spacing--30);margin-bottom:var(--wp--preset--spacing--30)\"\/>\n<\/div>\n<\/div>\n<\/div>\n\n\n\n<p class=\"\"><\/p>\n","protected":false},"excerpt":{"rendered":"<p>Presentaci\u00f3n del Curso El curso est\u00e1 dise\u00f1ado para dotar a los participantes de los conceptos esenciales y herramientas pr\u00e1cticas para identificar, desarrollar e implementar oportunidades de negocios en contextos de incertidumbre o entorno impredecible de mercado. El curso enfatiza un enfoque de aprendizaje, que combina m\u00f3dulos virtuales con talleres interactivos en sesiones en vivo, para [&hellip;]<\/p>\n","protected":false},"author":1,"featured_media":70,"parent":0,"menu_order":0,"comment_status":"closed","ping_status":"closed","template":"","meta":{"nf_dc_page":"","om_disable_all_campaigns":false,"_monsterinsights_skip_tracking":false,"_monsterinsights_sitenote_active":false,"_monsterinsights_sitenote_note":"","_monsterinsights_sitenote_category":0,"footnotes":""},"class_list":["post-63","page","type-page","status-publish","has-post-thumbnail","hentry"],"yoast_head":"<!-- This site is optimized with the Yoast SEO plugin v27.3 - https:\/\/yoast.com\/product\/yoast-seo-wordpress\/ -->\n<title>Creacion y Desarrollo de Emprendimientos Condiciones de Incertidumbre - Roberto Alvarez<\/title>\n<meta name=\"robots\" content=\"index, follow, max-snippet:-1, max-image-preview:large, max-video-preview:-1\" \/>\n<link rel=\"canonical\" href=\"https:\/\/robertoalvarez.ca\/es\/creacion-y-desarrollo-de-emprendimientos-condiciones-de-incertidumbre\/\" \/>\n<meta property=\"og:locale\" content=\"en_US\" \/>\n<meta property=\"og:type\" content=\"article\" \/>\n<meta property=\"og:title\" content=\"Creacion y Desarrollo de Emprendimientos Condiciones de Incertidumbre - Roberto Alvarez\" \/>\n<meta property=\"og:description\" content=\"Presentaci\u00f3n del Curso El curso est\u00e1 dise\u00f1ado para dotar a los participantes de los conceptos esenciales y herramientas pr\u00e1cticas para identificar, desarrollar e implementar oportunidades de negocios en contextos de incertidumbre o entorno impredecible de mercado. El curso enfatiza un enfoque de aprendizaje, que combina m\u00f3dulos virtuales con talleres interactivos en sesiones en vivo, para [&hellip;]\" \/>\n<meta property=\"og:url\" content=\"https:\/\/robertoalvarez.ca\/es\/creacion-y-desarrollo-de-emprendimientos-condiciones-de-incertidumbre\/\" \/>\n<meta property=\"og:site_name\" content=\"Roberto Alvarez\" \/>\n<meta property=\"article:modified_time\" content=\"2025-04-09T20:56:51+00:00\" \/>\n<meta property=\"og:image\" content=\"https:\/\/robertoalvarez.ca\/es\/wp-content\/uploads\/2025\/03\/Entrepreneurship-Course-4.jpeg\" \/>\n\t<meta property=\"og:image:width\" content=\"900\" \/>\n\t<meta property=\"og:image:height\" content=\"426\" \/>\n\t<meta property=\"og:image:type\" content=\"image\/jpeg\" \/>\n<meta name=\"twitter:card\" content=\"summary_large_image\" \/>\n<meta name=\"twitter:label1\" content=\"Est. reading time\" \/>\n\t<meta name=\"twitter:data1\" content=\"4 minutes\" \/>\n<script type=\"application\/ld+json\" class=\"yoast-schema-graph\">{\"@context\":\"https:\\\/\\\/schema.org\",\"@graph\":[{\"@type\":\"WebPage\",\"@id\":\"https:\\\/\\\/robertoalvarez.ca\\\/es\\\/creacion-y-desarrollo-de-emprendimientos-condiciones-de-incertidumbre\\\/\",\"url\":\"https:\\\/\\\/robertoalvarez.ca\\\/es\\\/creacion-y-desarrollo-de-emprendimientos-condiciones-de-incertidumbre\\\/\",\"name\":\"Creacion y Desarrollo de Emprendimientos Condiciones de Incertidumbre - Roberto Alvarez\",\"isPartOf\":{\"@id\":\"https:\\\/\\\/robertoalvarez.ca\\\/es\\\/#website\"},\"primaryImageOfPage\":{\"@id\":\"https:\\\/\\\/robertoalvarez.ca\\\/es\\\/creacion-y-desarrollo-de-emprendimientos-condiciones-de-incertidumbre\\\/#primaryimage\"},\"image\":{\"@id\":\"https:\\\/\\\/robertoalvarez.ca\\\/es\\\/creacion-y-desarrollo-de-emprendimientos-condiciones-de-incertidumbre\\\/#primaryimage\"},\"thumbnailUrl\":\"https:\\\/\\\/i0.wp.com\\\/robertoalvarez.ca\\\/es\\\/wp-content\\\/uploads\\\/2025\\\/03\\\/Entrepreneurship-Course-4.jpeg?fit=900%2C426&ssl=1\",\"datePublished\":\"2025-03-21T01:15:56+00:00\",\"dateModified\":\"2025-04-09T20:56:51+00:00\",\"breadcrumb\":{\"@id\":\"https:\\\/\\\/robertoalvarez.ca\\\/es\\\/creacion-y-desarrollo-de-emprendimientos-condiciones-de-incertidumbre\\\/#breadcrumb\"},\"inLanguage\":\"en-US\",\"potentialAction\":[{\"@type\":\"ReadAction\",\"target\":[\"https:\\\/\\\/robertoalvarez.ca\\\/es\\\/creacion-y-desarrollo-de-emprendimientos-condiciones-de-incertidumbre\\\/\"]}]},{\"@type\":\"ImageObject\",\"inLanguage\":\"en-US\",\"@id\":\"https:\\\/\\\/robertoalvarez.ca\\\/es\\\/creacion-y-desarrollo-de-emprendimientos-condiciones-de-incertidumbre\\\/#primaryimage\",\"url\":\"https:\\\/\\\/i0.wp.com\\\/robertoalvarez.ca\\\/es\\\/wp-content\\\/uploads\\\/2025\\\/03\\\/Entrepreneurship-Course-4.jpeg?fit=900%2C426&ssl=1\",\"contentUrl\":\"https:\\\/\\\/i0.wp.com\\\/robertoalvarez.ca\\\/es\\\/wp-content\\\/uploads\\\/2025\\\/03\\\/Entrepreneurship-Course-4.jpeg?fit=900%2C426&ssl=1\",\"width\":900,\"height\":426},{\"@type\":\"BreadcrumbList\",\"@id\":\"https:\\\/\\\/robertoalvarez.ca\\\/es\\\/creacion-y-desarrollo-de-emprendimientos-condiciones-de-incertidumbre\\\/#breadcrumb\",\"itemListElement\":[{\"@type\":\"ListItem\",\"position\":1,\"name\":\"Home\",\"item\":\"https:\\\/\\\/robertoalvarez.ca\\\/es\\\/\"},{\"@type\":\"ListItem\",\"position\":2,\"name\":\"Creacion y Desarrollo de Emprendimientos Condiciones de Incertidumbre\"}]},{\"@type\":\"WebSite\",\"@id\":\"https:\\\/\\\/robertoalvarez.ca\\\/es\\\/#website\",\"url\":\"https:\\\/\\\/robertoalvarez.ca\\\/es\\\/\",\"name\":\"Roberto Alvarez\",\"description\":\"Desarrollo de Emprendimientos - Entrenamiento Corporativo\",\"potentialAction\":[{\"@type\":\"SearchAction\",\"target\":{\"@type\":\"EntryPoint\",\"urlTemplate\":\"https:\\\/\\\/robertoalvarez.ca\\\/es\\\/?s={search_term_string}\"},\"query-input\":{\"@type\":\"PropertyValueSpecification\",\"valueRequired\":true,\"valueName\":\"search_term_string\"}}],\"inLanguage\":\"en-US\"}]}<\/script>\n<!-- \/ Yoast SEO plugin. -->","yoast_head_json":{"title":"Creacion y Desarrollo de Emprendimientos Condiciones de Incertidumbre - Roberto Alvarez","robots":{"index":"index","follow":"follow","max-snippet":"max-snippet:-1","max-image-preview":"max-image-preview:large","max-video-preview":"max-video-preview:-1"},"canonical":"https:\/\/robertoalvarez.ca\/es\/creacion-y-desarrollo-de-emprendimientos-condiciones-de-incertidumbre\/","og_locale":"en_US","og_type":"article","og_title":"Creacion y Desarrollo de Emprendimientos Condiciones de Incertidumbre - Roberto Alvarez","og_description":"Presentaci\u00f3n del Curso El curso est\u00e1 dise\u00f1ado para dotar a los participantes de los conceptos esenciales y herramientas pr\u00e1cticas para identificar, desarrollar e implementar oportunidades de negocios en contextos de incertidumbre o entorno impredecible de mercado. El curso enfatiza un enfoque de aprendizaje, que combina m\u00f3dulos virtuales con talleres interactivos en sesiones en vivo, para [&hellip;]","og_url":"https:\/\/robertoalvarez.ca\/es\/creacion-y-desarrollo-de-emprendimientos-condiciones-de-incertidumbre\/","og_site_name":"Roberto Alvarez","article_modified_time":"2025-04-09T20:56:51+00:00","og_image":[{"width":900,"height":426,"url":"https:\/\/robertoalvarez.ca\/es\/wp-content\/uploads\/2025\/03\/Entrepreneurship-Course-4.jpeg","type":"image\/jpeg"}],"twitter_card":"summary_large_image","twitter_misc":{"Est. reading time":"4 minutes"},"schema":{"@context":"https:\/\/schema.org","@graph":[{"@type":"WebPage","@id":"https:\/\/robertoalvarez.ca\/es\/creacion-y-desarrollo-de-emprendimientos-condiciones-de-incertidumbre\/","url":"https:\/\/robertoalvarez.ca\/es\/creacion-y-desarrollo-de-emprendimientos-condiciones-de-incertidumbre\/","name":"Creacion y Desarrollo de Emprendimientos Condiciones de Incertidumbre - Roberto Alvarez","isPartOf":{"@id":"https:\/\/robertoalvarez.ca\/es\/#website"},"primaryImageOfPage":{"@id":"https:\/\/robertoalvarez.ca\/es\/creacion-y-desarrollo-de-emprendimientos-condiciones-de-incertidumbre\/#primaryimage"},"image":{"@id":"https:\/\/robertoalvarez.ca\/es\/creacion-y-desarrollo-de-emprendimientos-condiciones-de-incertidumbre\/#primaryimage"},"thumbnailUrl":"https:\/\/i0.wp.com\/robertoalvarez.ca\/es\/wp-content\/uploads\/2025\/03\/Entrepreneurship-Course-4.jpeg?fit=900%2C426&ssl=1","datePublished":"2025-03-21T01:15:56+00:00","dateModified":"2025-04-09T20:56:51+00:00","breadcrumb":{"@id":"https:\/\/robertoalvarez.ca\/es\/creacion-y-desarrollo-de-emprendimientos-condiciones-de-incertidumbre\/#breadcrumb"},"inLanguage":"en-US","potentialAction":[{"@type":"ReadAction","target":["https:\/\/robertoalvarez.ca\/es\/creacion-y-desarrollo-de-emprendimientos-condiciones-de-incertidumbre\/"]}]},{"@type":"ImageObject","inLanguage":"en-US","@id":"https:\/\/robertoalvarez.ca\/es\/creacion-y-desarrollo-de-emprendimientos-condiciones-de-incertidumbre\/#primaryimage","url":"https:\/\/i0.wp.com\/robertoalvarez.ca\/es\/wp-content\/uploads\/2025\/03\/Entrepreneurship-Course-4.jpeg?fit=900%2C426&ssl=1","contentUrl":"https:\/\/i0.wp.com\/robertoalvarez.ca\/es\/wp-content\/uploads\/2025\/03\/Entrepreneurship-Course-4.jpeg?fit=900%2C426&ssl=1","width":900,"height":426},{"@type":"BreadcrumbList","@id":"https:\/\/robertoalvarez.ca\/es\/creacion-y-desarrollo-de-emprendimientos-condiciones-de-incertidumbre\/#breadcrumb","itemListElement":[{"@type":"ListItem","position":1,"name":"Home","item":"https:\/\/robertoalvarez.ca\/es\/"},{"@type":"ListItem","position":2,"name":"Creacion y Desarrollo de Emprendimientos Condiciones de Incertidumbre"}]},{"@type":"WebSite","@id":"https:\/\/robertoalvarez.ca\/es\/#website","url":"https:\/\/robertoalvarez.ca\/es\/","name":"Roberto Alvarez","description":"Desarrollo de Emprendimientos - Entrenamiento Corporativo","potentialAction":[{"@type":"SearchAction","target":{"@type":"EntryPoint","urlTemplate":"https:\/\/robertoalvarez.ca\/es\/?s={search_term_string}"},"query-input":{"@type":"PropertyValueSpecification","valueRequired":true,"valueName":"search_term_string"}}],"inLanguage":"en-US"}]}},"jetpack_sharing_enabled":true,"_links":{"self":[{"href":"https:\/\/robertoalvarez.ca\/es\/wp-json\/wp\/v2\/pages\/63","targetHints":{"allow":["GET"]}}],"collection":[{"href":"https:\/\/robertoalvarez.ca\/es\/wp-json\/wp\/v2\/pages"}],"about":[{"href":"https:\/\/robertoalvarez.ca\/es\/wp-json\/wp\/v2\/types\/page"}],"author":[{"embeddable":true,"href":"https:\/\/robertoalvarez.ca\/es\/wp-json\/wp\/v2\/users\/1"}],"replies":[{"embeddable":true,"href":"https:\/\/robertoalvarez.ca\/es\/wp-json\/wp\/v2\/comments?post=63"}],"version-history":[{"count":5,"href":"https:\/\/robertoalvarez.ca\/es\/wp-json\/wp\/v2\/pages\/63\/revisions"}],"predecessor-version":[{"id":212,"href":"https:\/\/robertoalvarez.ca\/es\/wp-json\/wp\/v2\/pages\/63\/revisions\/212"}],"wp:featuredmedia":[{"embeddable":true,"href":"https:\/\/robertoalvarez.ca\/es\/wp-json\/wp\/v2\/media\/70"}],"wp:attachment":[{"href":"https:\/\/robertoalvarez.ca\/es\/wp-json\/wp\/v2\/media?parent=63"}],"curies":[{"name":"wp","href":"https:\/\/api.w.org\/{rel}","templated":true}]}}